{"id":2,"date":"2026-02-19T23:38:55","date_gmt":"2026-02-19T23:38:55","guid":{"rendered":"https:\/\/sublimebeauty.bookingapp.cloud\/?page_id=2"},"modified":"2026-04-07T21:31:05","modified_gmt":"2026-04-07T19:31:05","slug":"privacy-policy-2","status":"publish","type":"page","link":"https:\/\/sublimebeauty.bookingapp.cloud\/?page_id=2","title":{"rendered":"Privacy Policy"},"content":{"rendered":"\n<h1 class=\"wp-block-heading is-style-text-display is-style-text-display--1\"><\/h1>\n\n\n\n<p>Informativa sulla privacy dell\u2019applicazione #BEAUTY SALON SUBLIME<br>Questa Applicazione raccoglie alcuni Dati Personali dai suoi Utenti.<\/p>\n\n\n\n<p>Tipi di dati raccolti<br>Tra i tipi di Dati Personali che questa Applicazione raccoglie, da solo o tramite terze parti, ci sono: Posizione geografica, Cookie e Dati di utilizzo. Altri dati personali raccolti possono essere descritti in altre sezioni della presente informativa sulla privacy o in un testo esplicativo dedicato contestualmente alla raccolta di dati. I Dati Personali possono essere forniti liberamente dall\u2019Utente, oppure raccolti automaticamente quando si utilizza questa Applicazione. Qualsiasi utilizzo di cookie \u2013 o di altri strumenti di tracciamento \u2013 da parte di questa Applicazione o dei proprietari di servizi di terzi utilizzati da questa Applicazione, salvo diversa indicazione, serve a identificare gli Utenti e ricordare le loro preferenze, al solo scopo di fornire il servizio richiesto da l\u2019utente. Il mancato conferimento di determinati Dati Personali potrebbe comportare l\u2019impossibilit\u00e0 per questa Applicazione di fornire i propri servizi. L\u2019Utente si assume la responsabilit\u00e0 dei Dati Personali di terzi pubblicati o condivisi tramite questa Applicazione e dichiara di avere il diritto di comunicarli o trasmetterli, sollevando cos\u00ec il Titolare del Trattamento da ogni responsabilit\u00e0.<\/p>\n\n\n\n<p>Modalit\u00e0 e luogo di elaborazione dei dati<br>Metodi di elaborazione<br>Il Titolare tratta i Dati degli Utenti in modo corretto e adotta misure di sicurezza appropriate per impedire l\u2019accesso non autorizzato, la divulgazione, la modifica o la distruzione non autorizzata dei Dati. Il trattamento dei dati avviene tramite computer e \/ o strumenti informatici abilitati, seguendo procedure organizzative e modalit\u00e0 strettamente correlate alle finalit\u00e0 indicate. In aggiunta al Titolare del trattamento, in alcuni casi, i Dati possono essere accessibili a determinati tipi di persone incaricate, coinvolte nel funzionamento del sito (amministrazione, vendite, marketing, legale, amministrazione del sistema) o parti esterne (come fornitori di servizi tecnici di partito, corrieri postali, provider di hosting, societ\u00e0 informatiche, agenzie di comunicazione) nominati, se necessario, come responsabili del trattamento dei dati dal proprietario. L\u2019elenco aggiornato di tali soggetti pu\u00f2 essere richiesto al Titolare del trattamento in qualsiasi momento<\/p>\n\n\n\n<p>Posto<br>I Dati vengono elaborati presso gli uffici operativi del Titolare e in qualsiasi altro luogo in cui si trovano le parti coinvolte nell\u2019elaborazione. Per ulteriori informazioni, si prega di contattare il responsabile del trattamento dei dati.<\/p>\n\n\n\n<p>Tempo di ritenzione<br>I Dati vengono conservati per il tempo necessario a fornire il servizio richiesto dall\u2019Utente, o dichiarato dalle finalit\u00e0 indicate in questo documento, e l\u2019Utente pu\u00f2 sempre richiedere che il Titolare sospenda o rimuova i dati.<\/p>\n\n\n\n<p>L\u2019uso dei dati raccolti<br>I Dati relativi all\u2019Utente vengono raccolti per consentire all\u2019Applicazione di fornire i propri servizi, cos\u00ec come per i seguenti scopi: accesso agli account di servizi di terzi, interazioni basate sulla posizione, commenti sui contenuti e interazione con social network e piattaforme esterne. I Dati personali utilizzati per ciascuno scopo sono delineati nelle sezioni specifiche di questo documento.<\/p>\n\n\n\n<p>Permessi Facebook richiesti da questa Applicazione<br>Questa Applicazione pu\u00f2 richiedere alcune autorizzazioni di Facebook permettendogli di eseguire azioni con l\u2019account Facebook dell\u2019utente e di recuperare informazioni, inclusi Dati Personali, da esso. Per ulteriori informazioni sulle seguenti autorizzazioni, consultare la documentazione relativa alle autorizzazioni di Facebook e l\u2019informativa sulla privacy di Facebook. Le autorizzazioni richieste sono le seguenti:<\/p>\n\n\n\n<p>Informazioni di base<br>Per impostazione predefinita, questo include determinati dati dell\u2019utente come id, nome, immagine, sesso e le relative impostazioni internazionali. Sono disponibili anche alcune connessioni dell\u2019utente, come gli amici. Se l\u2019utente ha reso pubblici pi\u00f9 dati, saranno disponibili ulteriori informazioni.<\/p>\n\n\n\n<p>checkin<br>Fornisce l\u2019accesso in lettura ai check-in dell\u2019utente autorizzato<\/p>\n\n\n\n<p>E-mail<br>Fornisce l\u2019accesso all\u2019indirizzo email principale dell\u2019utente<\/p>\n\n\n\n<p>Piace<br>Fornisce l\u2019accesso all\u2019elenco di tutte le pagine che l\u2019utente ha gradito.<\/p>\n\n\n\n<p>Fotografie<br>Fornisce l\u2019accesso alle foto che l\u2019utente ha caricato e alle foto in cui l\u2019utente \u00e8 stato taggato.<\/p>\n\n\n\n<p>Pubblica attivit\u00e0 app<br>Consente all\u2019applicazione di pubblicare sul grafico aperto utilizzando azioni integrate, risultati, punteggi o azioni personalizzate. L\u2019app pu\u00f2 anche pubblicare altre attivit\u00e0 che sono dettagliate nel documento Autorizzazioni di pubblicazione di Facebook.<\/p>\n\n\n\n<p>Informazioni dettagliate sul trattamento dei dati personali<br>I Dati personali sono raccolti per i seguenti scopi e utilizzando i seguenti servizi:<br>Accesso ai conti di servizi di terzi<br>Questi servizi consentono a questa Applicazione di accedere ai Dati dal tuo account su un servizio di terze parti ed eseguire azioni con esso. Questi servizi non sono attivati \u200b\u200bautomaticamente, ma richiedono l\u2019autorizzazione esplicita da parte dell\u2019utente.<br>Accesso all\u2019account Facebook (questa applicazione)<br>Questo servizio consente a questa Applicazione di connettersi con l\u2019account dell\u2019Utente sul social network Facebook, fornito da Facebook Inc. Permessi richiesti: Check-in, Email, Mi piace, Foto e Pubblica Attivit\u00e0 App. Luogo del trattamento: USA \u2013 Informativa sulla privacy<\/p>\n\n\n\n<p>Commenti sui contenuti<br>I servizi di commento dei contenuti consentono agli utenti di pubblicare e pubblicare i loro commenti sui contenuti di questa Applicazione. A seconda delle impostazioni scelte dal proprietario, gli utenti possono anche lasciare commenti anonimi. Se esiste un indirizzo email tra i Dati personali forniti dall\u2019utente, pu\u00f2 essere utilizzato per inviare notifiche di commenti sullo stesso contenuto. Gli utenti sono responsabili per il contenuto dei propri commenti. Se \u00e8 installato un servizio di creazione di commenti di contenuto fornito da terze parti, pu\u00f2 comunque raccogliere dati sul traffico web per le pagine in cui \u00e8 installato il servizio di commento, anche quando gli utenti non utilizzano il servizio di commento dei contenuti.<br>Commenti di Facebook (Facebook)<br>Facebook Comments \u00e8 un servizio di commento dei contenuti fornito da Facebook Inc. che consente all\u2019utente di lasciare commenti e condividerli sulla piattaforma di Facebook. Dati personali raccolti: Cookie e Dati di utilizzo. Luogo del trattamento: USA \u2013 Informativa sulla privacy<\/p>\n\n\n\n<p>Interazione con social network e piattaforme esterne<br>Questi servizi consentono l\u2019interazione con i social network o altre piattaforme esterne direttamente dalle pagine di questa Applicazione. L\u2019interazione e le informazioni ottenute da questa Applicazione sono sempre soggette alle impostazioni sulla privacy dell\u2019Utente per ciascun social network. Se \u00e8 installato un servizio che abilita l\u2019interazione con i social network, pu\u00f2 ancora raccogliere dati sul traffico per le pagine in cui \u00e8 installato il servizio, anche quando gli Utenti non lo utilizzano.<br>Pulsante Mi Piace e widget sociali di Facebook (Facebook)<br>Il pulsante Mi Piace e i widget sociali di Facebook sono servizi che consentono l\u2019interazione con il social network Facebook fornito da Facebook Inc. Dati personali raccolti: Cookie e Dati di utilizzo. Luogo del trattamento: USA \u2013 Informativa sulla privacy<\/p>\n\n\n\n<p>Interazioni basate sulla posizione<br>Geolocalizzazione (questa applicazione)<br>Questa Applicazione pu\u00f2 raccogliere, utilizzare e condividere i Dati di localizzazione dell\u2019Utente al fine di fornire servizi basati sulla localizzazione. La maggior parte dei browser e dispositivi fornisce strumenti per disattivare questa funzione per impostazione predefinita. Se \u00e8 stata fornita un\u2019autorizzazione esplicita, i dati sulla posizione dell\u2019utente possono essere tracciati da questa Applicazione. Dati personali raccolti: Posizione geografica.<\/p>\n\n\n\n<p>Ulteriori informazioni sulla raccolta e l\u2019elaborazione dei dati<br>Azione legale<br>I Dati personali dell\u2019utente possono essere utilizzati per scopi legali dal Titolare del trattamento, in tribunale o nelle fasi che portano a possibili azioni legali derivanti dall\u2019uso improprio di questa Applicazione o dei relativi servizi.<br>L\u2019Utente \u00e8 consapevole del fatto che al Titolare del trattamento pu\u00f2 essere richiesto di rivelare dati personali su richiesta delle autorit\u00e0 pubbliche.<\/p>\n\n\n\n<p>Ulteriori informazioni sui dati personali dell\u2019utente<br>Oltre alle informazioni contenute in questa politica sulla privacy, questa Applicazione pu\u00f2 fornire all\u2019Utente informazioni aggiuntive e contestuali su determinati servizi o la raccolta e il trattamento di Dati Personali su richiesta.<\/p>\n\n\n\n<p>Log di sistema e manutenzione<br>Per scopi operativi e di manutenzione, questa Applicazione e qualsiasi servizio di terze parti possono raccogliere file che registrano l\u2019interazione con questa Applicazione (Log di Sistema) o utilizzare a tale scopo altri Dati Personali (come l\u2019indirizzo IP).<\/p>\n\n\n\n<p>Informazioni non contenute in questa politica<br>Maggiori dettagli riguardanti la raccolta o il trattamento dei Dati Personali possono essere richiesti al Titolare del Trattamento in qualsiasi momento. Si prega di consultare le informazioni di contatto all\u2019inizio di questo documento.<\/p>\n\n\n\n<p>I diritti degli utenti<br>Gli utenti hanno il diritto, in qualsiasi momento, di sapere se i loro Dati personali sono stati memorizzati e possono consultare il Titolare per conoscere il loro contenuto e la loro origine, verificarne l\u2019esattezza o chiederne l\u2019integrazione, l\u2019annullamento, l\u2019aggiornamento o la correzione , o per la loro trasformazione in formato anonimo o per bloccare qualsiasi dato detenuto in violazione della legge, nonch\u00e9 di opporsi al loro trattamento per qualsiasi ragione legittima. Le richieste devono essere inviate al Titolare del trattamento alle informazioni di contatto di cui sopra.<br>Questa applicazione non supporta le richieste \u201cDo Not Track\u201d.<br>Per determinare se uno qualsiasi dei servizi di terzi che utilizza rispetta le richieste \u201cDo Not Track\u201d, leggi le loro politiche sulla privacy.<\/p>\n\n\n\n<p>Modifiche alla presente informativa sulla privacy<br>Il Titolare del Trattamento si riserva il diritto di apportare modifiche alla presente informativa sulla privacy in qualsiasi momento dandone comunicazione agli Utenti su questa pagina. Si consiglia vivamente di controllare spesso questa pagina, facendo riferimento alla data dell\u2019ultima modifica elencata in basso. Se un Utente si oppone a una qualsiasi delle modifiche alla Politica, l\u2019Utente deve cessare di utilizzare questa Applicazione e pu\u00f2 richiedere che il Titolare del Trattamento cancelli i Dati Personali. Salvo diversa indicazione, l\u2019informativa sulla privacy in vigore in quel momento si applica a tutti i Dati personali che il Titolare del trattamento ha sugli Utenti.<\/p>\n\n\n\n<p>Definizioni e riferimenti legali<br>Dati personali (o dati)<br>Qualsiasi informazione riguardante una persona fisica, una persona giuridica, un\u2019istituzione o un\u2019associazione, che \u00e8, o pu\u00f2 essere, identificata, anche indirettamente, con riferimento a qualsiasi altra informazione, incluso un numero di identificazione personale.<\/p>\n\n\n\n<p>Dati di utilizzo<br>Informazioni raccolte automaticamente da questa Applicazione (o servizi di terze parti utilizzati in questa Applicazione), che possono includere: gli indirizzi IP oi nomi di dominio dei computer utilizzati dagli Utenti che usano questa Applicazione, gli indirizzi URI (Uniform Resource Identifier), il tempo della richiesta, il metodo utilizzato per inviare la richiesta al server, la dimensione del file ricevuto in risposta, il codice numerico che indica lo stato della risposta del server (esito positivo, errore, ecc.), il paese di origine, il caratteristiche del browser e del sistema operativo utilizzato dall\u2019utente, i vari dettagli orari per visita (ad esempio, il tempo trascorso su ogni pagina all\u2019interno dell\u2019applicazione) e i dettagli sul percorso seguito all\u2019interno dell\u2019applicazione con particolare riferimento alla sequenza di pagine visitato e altri parametri relativi al sistema operativo del dispositivo e \/ o all\u2019ambiente IT dell\u2019utente.<\/p>\n\n\n\n<p>Utente<br>L\u2019individuo che utilizza questa Applicazione, che deve coincidere o essere autorizzato dal Soggetto dei Dati, a cui si riferiscono i Dati personali.<\/p>\n\n\n\n<p>Oggetto dei dati<br>La persona fisica o giuridica a cui si riferiscono i Dati personali.<\/p>\n\n\n\n<p>Processore di dati (o supervisore dei dati)<br>La persona fisica, la persona giuridica, la pubblica amministrazione o qualsiasi altro organismo, associazione o organizzazione autorizzati dal Titolare del trattamento dei dati personali in conformit\u00e0 con la presente politica sulla privacy.<\/p>\n\n\n\n<p>Controller dei dati (o proprietario)<br>La persona fisica, la persona giuridica, la pubblica amministrazione o qualsiasi altro ente, associazione o organizzazione con il diritto, anche congiuntamente con un altro responsabile del trattamento dei dati, a prendere decisioni in merito alle finalit\u00e0 e ai metodi di trattamento dei Dati personali e dei mezzi utilizzati, compresa la misure di sicurezza riguardanti l\u2019uso e l\u2019uso di questa Applicazione. Il Titolare del trattamento, salvo diversamente specificato, \u00e8 il proprietario di questa Applicazione.<br>Questa applicazione<br>Lo strumento hardware o software mediante il quale vengono raccolti i Dati personali dell\u2019utente.<\/p>\n\n\n\n<p>biscotto<br>Piccolo pezzo di dati memorizzati nel dispositivo dell\u2019utente.<\/p>\n\n\n\n<p>Informazione legale<br>Avviso per gli utenti europei: la presente informativa sulla privacy \u00e8 stata redatta in adempimento degli obblighi di cui all\u2019art. 10 della Direttiva CE n. 95\/46 \/ CE, e ai sensi delle disposizioni della direttiva 2002\/58 \/ CE, come modificata dalla direttiva 2009\/136 \/ CE, in materia di cookie. Questa informativa sulla privacy si riferisce esclusivamente a questa Applicazione.<\/p>\n\n\n\n<p>Ultimo aggiornamento: 24 aprile 2018.<\/p>\n\n\n\n<p>Politica estesa riguardante l\u2019applicazione del GDPR europeo.<\/p>\n\n\n\n<p>Conformemente agli obblighi del regolamento (UE) 2016\/679 del Parlamento europeo e del Consiglio, del 27 aprile 2016, relativo alla protezione delle persone fisiche con riguardo al trattamento dei dati personali e alla libera circolazione di tali dati, e che abroga la direttiva 95\/46 \/ CE (regolamento generale sulla protezione dei dati) (Testo rilevante ai fini del SEE)<\/p>\n\n\n\n<p>Elaboratore di dati<\/p>\n\n\n\n<p>Contatto per accedere, correggere, cancellare qualsiasi informazione di dati<\/p>\n\n\n\n<p>bytesoft@gmail.com<\/p>\n\n\n\n<p>Le tue scelte<\/p>\n\n\n\n<p>Accesso, correzione, cancellazione<\/p>\n\n\n\n<p>Rispettiamo i tuoi diritti alla privacy e ti forniamo un accesso ragionevole ai Dati personali che potresti aver fornito tramite l\u2019utilizzo dei Servizi.<\/p>\n\n\n\n<p>Se desideri accedere o modificare altri Dati personali che deteniamo su di te o per richiedere che cancelliamo qualsiasi informazione su di te che abbiamo ottenuto da un Servizio integrato, puoi contattarci.<\/p>\n\n\n\n<p>Su vostra richiesta avremo qualsiasi riferimento a voi cancellato o bloccato nel nostro database.<\/p>\n\n\n\n<p>\u00c8 possibile aggiornare, correggere o eliminare le informazioni e le preferenze del proprio account in qualsiasi momento accedendo alla pagina delle impostazioni dell\u2019account sul Servizio.<br>Si noti che, mentre le modifiche apportate si rifletteranno sui database degli utenti attivi all\u2019istante o entro un ragionevole periodo di tempo, potremmo conservare tutte le informazioni inviate per backup, archiviazione, prevenzione di frodi e abusi, analitica, soddisfazione degli obblighi legali, o dove altrimenti crediamo ragionevolmente che abbiamo una ragione legittima per farlo<br>\u00c8 possibile che decida di condividere alcuni dati personali con noi, nel qual caso potremmo non essere in grado di fornirti alcune delle funzionalit\u00e0 e funzionalit\u00e0 del Servizio.<br>In qualsiasi momento, l\u2019utente pu\u00f2 opporsi al trattamento dei dati personali dell\u2019utente, per motivi legittimi, salvo nei casi in cui sia consentito dalla legge applicabile.<\/p>\n\n\n\n<p>Destinazione d\u2019uso dei dati personali<\/p>\n\n\n\n<p>A meno che non si desideri utilizzare funzionalit\u00e0 avanzate nelle applicazioni, non \u00e8 richiesta alcuna forma di registrazione, consentendo di utilizzare l\u2019applicazione senza dirci chi si \u00e8.<\/p>\n\n\n\n<p>Tuttavia alcuni servizi richiedono che ci forniate dati personali.<\/p>\n\n\n\n<p>In queste situazioni, se scegli di rifiutare qualsiasi richiesta di dati personali da parte nostra, potrebbe non essere possibile per te accedere a determinate parti dell\u2019applicazione e per noi rispondere alla tua richiesta.<\/p>\n\n\n\n<p>Come usiamo le informazioni che raccogliamo<\/p>\n\n\n\n<p>Utilizziamo le informazioni che raccogliamo in vari modi per fornire il servizio e gestire la nostra attivit\u00e0.<\/p>\n\n\n\n<p>Comprese le seguenti operazioni:<br>\u2013 Mantenere, migliorare e fornire tutte le funzionalit\u00e0 del servizio, per fornire i servizi e le informazioni richiesti,<br>per rispondere a commenti e domande e fornire supporto agli utenti del servizio, elaboriamo i dati dei clienti esclusivamente in conformit\u00e0 con le indicazioni fornite dai miglioramenti applicabili del cliente o dell\u2019utente.<br>\u2013 Possiamo utilizzare un visitatore o un indirizzo email dell\u2019utente o altre informazioni diverse dai dati del cliente per contattare quel visitatore o utente per scopi amministrativi come il servizio clienti,<br>per affrontare la violazione della propriet\u00e0 intellettuale, il diritto di violazioni della privacy o problemi di diffamazione relativi ai dati del cliente o ai dati personali pubblicati sul servizio.<\/p>\n\n\n\n<p>Ultimo aggiornamento: 24 aprile 2018.<\/p>\n\n\n\n<p><a href=\"https:\/\/cipollettahairsalon.bookingapp.cloud\/wp-admin\/post.php?post=2&amp;action=edit\">ModificaPRIVACY POLICY<\/a><\/p>\n","protected":false},"excerpt":{"rendered":"<p>Informativa sulla privacy dell\u2019applicazione #BEAUTY SALON SUBLIMEQuesta Applicazione raccoglie alcuni Dati Personali dai suoi Utenti. Tipi di dati raccoltiTra i tipi di Dati Personali che questa Applicazione raccoglie, da solo o tramite terze parti, ci sono: Posizione geografica, Cookie e Dati di utilizzo. Altri dati personali raccolti possono essere descritti in altre sezioni della presente [&hellip;]<\/p>\n","protected":false},"author":1,"featured_media":0,"parent":0,"menu_order":0,"comment_status":"closed","ping_status":"closed","template":"","meta":{"footnotes":""},"class_list":["post-2","page","type-page","status-publish","hentry"],"_links":{"self":[{"href":"https:\/\/sublimebeauty.bookingapp.cloud\/index.php?rest_route=\/wp\/v2\/pages\/2","targetHints":{"allow":["GET"]}}],"collection":[{"href":"https:\/\/sublimebeauty.bookingapp.cloud\/index.php?rest_route=\/wp\/v2\/pages"}],"about":[{"href":"https:\/\/sublimebeauty.bookingapp.cloud\/index.php?rest_route=\/wp\/v2\/types\/page"}],"author":[{"embeddable":true,"href":"https:\/\/sublimebeauty.bookingapp.cloud\/index.php?rest_route=\/wp\/v2\/users\/1"}],"replies":[{"embeddable":true,"href":"https:\/\/sublimebeauty.bookingapp.cloud\/index.php?rest_route=%2Fwp%2Fv2%2Fcomments&post=2"}],"version-history":[{"count":6,"href":"https:\/\/sublimebeauty.bookingapp.cloud\/index.php?rest_route=\/wp\/v2\/pages\/2\/revisions"}],"predecessor-version":[{"id":244,"href":"https:\/\/sublimebeauty.bookingapp.cloud\/index.php?rest_route=\/wp\/v2\/pages\/2\/revisions\/244"}],"wp:attachment":[{"href":"https:\/\/sublimebeauty.bookingapp.cloud\/index.php?rest_route=%2Fwp%2Fv2%2Fmedia&parent=2"}],"curies":[{"name":"wp","href":"https:\/\/api.w.org\/{rel}","templated":true}]}}